{"id":293,"date":"2025-04-03T19:56:09","date_gmt":"2025-04-03T19:56:09","guid":{"rendered":"https:\/\/litoraldelgolfo.com\/en\/?page_id=293"},"modified":"2025-07-21T20:51:27","modified_gmt":"2025-07-21T20:51:27","slug":"connectivity","status":"publish","type":"page","link":"https:\/\/litoraldelgolfo.com\/en\/connectivity\/","title":{"rendered":"CONNECTIVITY"},"content":{"rendered":"\t\t<div data-elementor-type=\"wp-page\" data-elementor-id=\"293\" class=\"elementor elementor-293\" data-elementor-post-type=\"page\">\n\t\t\t\t\t\t<section class=\"elementor-section elementor-top-section elementor-element elementor-element-21b2b0c elementor-section-full_width elementor-section-stretched elementor-section-height-default elementor-section-height-default\" data-id=\"21b2b0c\" data-element_type=\"section\" data-e-type=\"section\" data-settings=\"{&quot;background_background&quot;:&quot;gradient&quot;,&quot;shape_divider_bottom&quot;:&quot;triangle-asymmetrical&quot;,&quot;shape_divider_bottom_negative&quot;:&quot;yes&quot;,&quot;stretch_section&quot;:&quot;section-stretched&quot;}\">\n\t\t\t\t\t\t\t<div class=\"elementor-background-overlay\"><\/div>\n\t\t\t\t\t\t<div class=\"elementor-shape elementor-shape-bottom\" aria-hidden=\"true\" data-negative=\"true\">\n\t\t\t<svg xmlns=\"http:\/\/www.w3.org\/2000\/svg\" viewBox=\"0 0 1000 100\" preserveAspectRatio=\"none\">\n\t<path class=\"elementor-shape-fill\" d=\"M737.9,94.7L0,0v100h1000V0L737.9,94.7z\"\/>\n<\/svg>\t\t<\/div>\n\t\t\t\t\t<div class=\"elementor-container elementor-column-gap-default\">\n\t\t\t\t\t<div class=\"elementor-column elementor-col-100 elementor-top-column elementor-element elementor-element-e823826\" data-id=\"e823826\" data-element_type=\"column\" data-e-type=\"column\">\n\t\t\t<div class=\"elementor-widget-wrap elementor-element-populated\">\n\t\t\t\t\t\t<div class=\"elementor-element elementor-element-a4a096d elementor-widget elementor-widget-heading\" data-id=\"a4a096d\" data-element_type=\"widget\" data-e-type=\"widget\" data-widget_type=\"heading.default\">\n\t\t\t\t<div class=\"elementor-widget-container\">\n\t\t\t\t\t<h1 class=\"elementor-heading-title elementor-size-default\">CONNECTIVITY<\/h1>\t\t\t\t<\/div>\n\t\t\t\t<\/div>\n\t\t\t\t\t<\/div>\n\t\t<\/div>\n\t\t\t\t\t<\/div>\n\t\t<\/section>\n\t\t\t\t<section class=\"elementor-section elementor-top-section elementor-element elementor-element-0610c0f elementor-section-boxed elementor-section-height-default elementor-section-height-default\" data-id=\"0610c0f\" data-element_type=\"section\" data-e-type=\"section\" data-settings=\"{&quot;background_background&quot;:&quot;classic&quot;}\">\n\t\t\t\t\t\t\t<div class=\"elementor-background-overlay\"><\/div>\n\t\t\t\t\t\t\t<div class=\"elementor-container elementor-column-gap-default\">\n\t\t\t\t\t<div class=\"elementor-column elementor-col-100 elementor-top-column elementor-element elementor-element-f88b6ba\" data-id=\"f88b6ba\" data-element_type=\"column\" data-e-type=\"column\">\n\t\t\t<div class=\"elementor-widget-wrap elementor-element-populated\">\n\t\t\t\t\t\t<section class=\"elementor-section elementor-inner-section elementor-element elementor-element-7536111 elementor-section-boxed elementor-section-height-default elementor-section-height-default\" data-id=\"7536111\" data-element_type=\"section\" data-e-type=\"section\">\n\t\t\t\t\t\t<div class=\"elementor-container elementor-column-gap-default\">\n\t\t\t\t\t<div class=\"elementor-column elementor-col-50 elementor-inner-column elementor-element elementor-element-ef28b86 elementor-invisible\" data-id=\"ef28b86\" data-element_type=\"column\" data-e-type=\"column\" data-settings=\"{&quot;animation&quot;:&quot;fadeInLeft&quot;}\">\n\t\t\t<div class=\"elementor-widget-wrap elementor-element-populated\">\n\t\t\t\t\t\t<div class=\"elementor-element elementor-element-d41c39c text-center elementor-widget elementor-widget-tp-heading-title\" data-id=\"d41c39c\" data-element_type=\"widget\" data-e-type=\"widget\" data-widget_type=\"tp-heading-title.default\">\n\t\t\t\t<div class=\"elementor-widget-container\">\n\t\t\t\t\t<div class=\"heading heading_style heading_style69e171ce2ed13 style-1 \" ><div class=\"sub-style \"  ><div class=\"head-title \" > <h2  class=\"heading-title   \"   data-hover=\"NATIONAL CONNECTIVITY\"><span class=\"title-s \">  <\/span>NATIONAL CONNECTIVITY<\/h2><\/div><\/div><\/div>\t\t\t\t<\/div>\n\t\t\t\t<\/div>\n\t\t\t\t<div class=\"elementor-element elementor-element-48f1ced elementor-widget elementor-widget-tp-cascading-image\" data-id=\"48f1ced\" data-element_type=\"widget\" data-e-type=\"widget\" data-widget_type=\"tp-cascading-image.default\">\n\t\t\t\t<div class=\"elementor-widget-container\">\n\t\t\t\t\t<div class=\"pt_plus_animated_image cascading-block  wpb_single_image cascading_69e15bfc70984  pt-plus-move-parallax \"  ><div class=\"cascading-inner-loop \"><div id=\"cascading69e15bfc709990\" class=\"cascading-image hehe elementor-repeater-item-15e7b1e img69e15bfc709910   \"  ><div class=\"cascading-image-inner \" ><div class=\"cascading-inner-content parallax-hover-1060178   not-link-content  \" ><img fetchpriority=\"high\" decoding=\"async\" width=\"700\" height=\"525\" src=\"https:\/\/litoraldelgolfo.com\/en\/wp-content\/uploads\/2025\/04\/Recuadro-litoral-del-golfo-de-mexico-2.png\" class=\"parallax_image\" alt=\"\" srcset=\"https:\/\/litoraldelgolfo.com\/en\/wp-content\/uploads\/2025\/04\/Recuadro-litoral-del-golfo-de-mexico-2.png 700w, https:\/\/litoraldelgolfo.com\/en\/wp-content\/uploads\/2025\/04\/Recuadro-litoral-del-golfo-de-mexico-2-300x225.png 300w\" sizes=\"(max-width: 700px) 100vw, 700px\" \/><\/div><\/div><\/div><div id=\"cascading69e15bfc70a751\" class=\"cascading-image hehe elementor-repeater-item-15abc10 img69e15bfc70a741   parallax-move\"   data-move_speed_x=\"25\"  data-move_speed_y=\"25\" ><div class=\"cascading-image-inner \" ><div class=\"cascading-inner-content parallax-hover-1009163   not-link-content  \" ><img decoding=\"async\" width=\"887\" height=\"596\" src=\"https:\/\/litoraldelgolfo.com\/en\/wp-content\/uploads\/2025\/07\/conectividad-nacional-2.jpg\" class=\"parallax_image\" alt=\"\" srcset=\"https:\/\/litoraldelgolfo.com\/en\/wp-content\/uploads\/2025\/07\/conectividad-nacional-2.jpg 887w, https:\/\/litoraldelgolfo.com\/en\/wp-content\/uploads\/2025\/07\/conectividad-nacional-2-300x202.jpg 300w, https:\/\/litoraldelgolfo.com\/en\/wp-content\/uploads\/2025\/07\/conectividad-nacional-2-768x516.jpg 768w\" sizes=\"(max-width: 887px) 100vw, 887px\" \/><\/div><\/div><\/div><\/div><\/div><style>.cascading-image.img69e15bfc709910{top:-2%;bottom:auto;left:-1%;right:auto;max-width:460px;margin: 0 auto;}@media (max-width:600px){.cascading-image.img69e15bfc709910{top:4%;bottom:auto;left:-5%;right:14%;margin: 0 auto;}}.cascading-image.img69e15bfc70a741{top:8%;bottom:auto;left:7%;right:auto;max-width:480px;margin: 0 auto;}@media (max-width:600px){.cascading-image.img69e15bfc70a741{top:14%;bottom:auto;left:auto;right:auto;margin: 0 auto;}}<\/style>\t\t\t\t<\/div>\n\t\t\t\t<\/div>\n\t\t\t\t\t<\/div>\n\t\t<\/div>\n\t\t\t\t<div class=\"elementor-column elementor-col-50 elementor-inner-column elementor-element elementor-element-4656039\" data-id=\"4656039\" data-element_type=\"column\" data-e-type=\"column\">\n\t\t\t<div class=\"elementor-widget-wrap elementor-element-populated\">\n\t\t\t\t\t\t<div class=\"elementor-element elementor-element-0db52b3 elementor-widget elementor-widget-text-editor\" data-id=\"0db52b3\" data-element_type=\"widget\" data-e-type=\"widget\" data-widget_type=\"text-editor.default\">\n\t\t\t\t<div class=\"elementor-widget-container\">\n\t\t\t\t\t\t\t\t\t<p>Highway network: The park has direct access to the Tuxpan Port Bypass, which connects it to the Mexico-Tuxpan federal highway, one of the fastest routes to the center of the country. This allows access to Mexico City in approximately 3.5 to 4 hours, facilitating the transit of goods to and from the country&#8217;s largest consumer and distribution center.<\/p><p>Similarly, through the Northern Arch, access to the Baj\u00edo Region is facilitated, shortening distances to cities such as Quer\u00e9taro, Aguascalientes, San Luis Potos\u00ed, etc.<\/p><p>Proximity to industrial and urban centers:<\/p><p><strong>Ciudad de M\u00e9xico:<\/strong>\u00a0293 km<br \/><strong>Puebla:<\/strong>\u00a0310 km<br \/><strong>Queretaro:<\/strong>\u00a0435 km<br \/><strong>Monterrey:<\/strong>\u00a0800 km<br \/><strong>Tampico:<\/strong>\u00a0245 km<br \/><strong>Veracruz Port:<\/strong>\u00a0430 km<br \/><strong>Agile logistics flow:<\/strong> ideal for connecting with distribution centers, industrial zones, manufacturing plants, and retail chains in the center and north of the country.<\/p>\t\t\t\t\t\t\t\t<\/div>\n\t\t\t\t<\/div>\n\t\t\t\t\t<\/div>\n\t\t<\/div>\n\t\t\t\t\t<\/div>\n\t\t<\/section>\n\t\t\t\t<section class=\"elementor-section elementor-inner-section elementor-element elementor-element-aee7dfa elementor-section-boxed elementor-section-height-default elementor-section-height-default\" data-id=\"aee7dfa\" data-element_type=\"section\" data-e-type=\"section\">\n\t\t\t\t\t\t<div class=\"elementor-container elementor-column-gap-default\">\n\t\t\t\t\t<div class=\"elementor-column elementor-col-50 elementor-inner-column elementor-element elementor-element-1e921a4 elementor-invisible\" data-id=\"1e921a4\" data-element_type=\"column\" data-e-type=\"column\" data-settings=\"{&quot;animation&quot;:&quot;fadeInLeft&quot;}\">\n\t\t\t<div class=\"elementor-widget-wrap elementor-element-populated\">\n\t\t\t\t\t\t<div class=\"elementor-element elementor-element-62063aa text-center elementor-widget elementor-widget-tp-heading-title\" data-id=\"62063aa\" data-element_type=\"widget\" data-e-type=\"widget\" data-widget_type=\"tp-heading-title.default\">\n\t\t\t\t<div class=\"elementor-widget-container\">\n\t\t\t\t\t<div class=\"heading heading_style heading_style69e171ce2f77e style-1 \" ><div class=\"sub-style \"  ><div class=\"head-title \" > <h2  class=\"heading-title   \"   data-hover=\"INTERNATIONAL CONNECTIVITY\"><span class=\"title-s \">  <\/span>INTERNATIONAL CONNECTIVITY<\/h2><\/div><\/div><\/div>\t\t\t\t<\/div>\n\t\t\t\t<\/div>\n\t\t\t\t<div class=\"elementor-element elementor-element-de27dd6 elementor-widget elementor-widget-tp-cascading-image\" data-id=\"de27dd6\" data-element_type=\"widget\" data-e-type=\"widget\" data-widget_type=\"tp-cascading-image.default\">\n\t\t\t\t<div class=\"elementor-widget-container\">\n\t\t\t\t\t<div class=\"pt_plus_animated_image cascading-block  wpb_single_image cascading_69e15bfc717df  pt-plus-move-parallax \"  ><div class=\"cascading-inner-loop \"><div id=\"cascading69e15bfc717e90\" class=\"cascading-image hehe elementor-repeater-item-15e7b1e img69e15bfc717e70   \"  ><div class=\"cascading-image-inner \" ><div class=\"cascading-inner-content parallax-hover-1437988   not-link-content  \" ><img decoding=\"async\" width=\"525\" height=\"700\" src=\"https:\/\/litoraldelgolfo.com\/en\/wp-content\/uploads\/2025\/05\/Recuadro-litoral-del-golfo-de-mexico-4.png\" class=\"parallax_image\" alt=\"\" srcset=\"https:\/\/litoraldelgolfo.com\/en\/wp-content\/uploads\/2025\/05\/Recuadro-litoral-del-golfo-de-mexico-4.png 525w, https:\/\/litoraldelgolfo.com\/en\/wp-content\/uploads\/2025\/05\/Recuadro-litoral-del-golfo-de-mexico-4-225x300.png 225w\" sizes=\"(max-width: 525px) 100vw, 525px\" \/><\/div><\/div><\/div><div id=\"cascading69e15bfc71bc41\" class=\"cascading-image hehe elementor-repeater-item-15abc10 img69e15bfc71bc31   parallax-move\"   data-move_speed_x=\"25\"  data-move_speed_y=\"25\" ><div class=\"cascading-image-inner \" ><div class=\"cascading-inner-content parallax-hover-1406346   not-link-content  \" ><img loading=\"lazy\" decoding=\"async\" width=\"592\" height=\"667\" src=\"https:\/\/litoraldelgolfo.com\/en\/wp-content\/uploads\/2025\/05\/conectividad-internacional.jpg\" class=\"parallax_image\" alt=\"\" srcset=\"https:\/\/litoraldelgolfo.com\/en\/wp-content\/uploads\/2025\/05\/conectividad-internacional.jpg 592w, https:\/\/litoraldelgolfo.com\/en\/wp-content\/uploads\/2025\/05\/conectividad-internacional-266x300.jpg 266w\" sizes=\"(max-width: 592px) 100vw, 592px\" \/><\/div><\/div><\/div><\/div><\/div><style>.cascading-image.img69e15bfc717e70{top:4%;bottom:auto;left:0%;right:auto;max-width:380px;margin: 0 auto;}@media (max-width:600px){.cascading-image.img69e15bfc717e70{top:4%;bottom:auto;left:-5%;right:14%;margin: 0 auto;}}.cascading-image.img69e15bfc71bc31{top:0%;bottom:auto;left:13%;right:auto;max-width:408px;margin: 0 auto;}@media (max-width:600px){.cascading-image.img69e15bfc71bc31{top:14%;bottom:auto;left:auto;right:auto;margin: 0 auto;}}<\/style>\t\t\t\t<\/div>\n\t\t\t\t<\/div>\n\t\t\t\t\t<\/div>\n\t\t<\/div>\n\t\t\t\t<div class=\"elementor-column elementor-col-50 elementor-inner-column elementor-element elementor-element-6e43905\" data-id=\"6e43905\" data-element_type=\"column\" data-e-type=\"column\">\n\t\t\t<div class=\"elementor-widget-wrap elementor-element-populated\">\n\t\t\t\t\t\t<div class=\"elementor-element elementor-element-ec7d83c elementor-widget elementor-widget-text-editor\" data-id=\"ec7d83c\" data-element_type=\"widget\" data-e-type=\"widget\" data-widget_type=\"text-editor.default\">\n\t\t\t\t<div class=\"elementor-widget-container\">\n\t\t\t\t\t\t\t\t\t<p>Port of Tuxpan: Just 5 minutes from the Industrial Park, this deep-sea port has specialized terminals for containers, hydrocarbons (fuels), and general cargo. Its modern infrastructure allows for efficient and safe import and export operations. Direct maritime and transshipment connections to the United States, Central America, South America, Europe, and Asia.<\/p><p>The port is an excellent alternative to congested ports like Veracruz and Altamira, with shorter wait times and faster operations.<\/p><p>Nearby international airports:<\/p><p><strong>Poza Rica Airport (Taj\u00edn): 55 minutes<\/strong><\/p><p><strong>Veracruz International Airport: 4.5 hours<\/strong><\/p><p><strong>Mexico City International Airport: 5 hours<\/strong><\/p><p><strong>Global land-sea connectivity:<\/strong> Companies can import supplies or export finished products using the Gulf of Mexico sea route and distribute by road in a timely manner.<\/p>\t\t\t\t\t\t\t\t<\/div>\n\t\t\t\t<\/div>\n\t\t\t\t\t<\/div>\n\t\t<\/div>\n\t\t\t\t\t<\/div>\n\t\t<\/section>\n\t\t\t\t\t<\/div>\n\t\t<\/div>\n\t\t\t\t\t<\/div>\n\t\t<\/section>\n\t\t\t\t<section class=\"elementor-section elementor-top-section elementor-element elementor-element-42218a9 elementor-section-boxed elementor-section-height-default elementor-section-height-default\" data-id=\"42218a9\" data-element_type=\"section\" data-e-type=\"section\">\n\t\t\t\t\t\t<div class=\"elementor-container elementor-column-gap-default\">\n\t\t\t\t\t<div class=\"elementor-column elementor-col-100 elementor-top-column elementor-element elementor-element-5e00b1e\" data-id=\"5e00b1e\" data-element_type=\"column\" data-e-type=\"column\">\n\t\t\t<div class=\"elementor-widget-wrap elementor-element-populated\">\n\t\t\t\t\t\t<div class=\"elementor-element elementor-element-f89cea1 elementor-widget elementor-widget-spacer\" data-id=\"f89cea1\" data-element_type=\"widget\" data-e-type=\"widget\" data-widget_type=\"spacer.default\">\n\t\t\t\t<div class=\"elementor-widget-container\">\n\t\t\t\t\t\t\t<div class=\"elementor-spacer\">\n\t\t\t<div class=\"elementor-spacer-inner\"><\/div>\n\t\t<\/div>\n\t\t\t\t\t\t<\/div>\n\t\t\t\t<\/div>\n\t\t\t\t\t<\/div>\n\t\t<\/div>\n\t\t\t\t\t<\/div>\n\t\t<\/section>\n\t\t\t\t<\/div>\n\t\t","protected":false},"excerpt":{"rendered":"<p>CONNECTIVITY NATIONAL CONNECTIVITY Highway network: The park has direct access to the Tuxpan Port Bypass, which connects it to the Mexico-Tuxpan federal highway, one of the fastest routes to the center of the country. This allows access to Mexico City in approximately 3.5 to 4 hours, facilitating the transit of goods to and from the [&hellip;]<\/p>\n","protected":false},"author":1,"featured_media":0,"parent":0,"menu_order":0,"comment_status":"closed","ping_status":"closed","template":"elementor_header_footer","meta":{"_joinchat":[],"footnotes":""},"class_list":["post-293","page","type-page","status-publish","hentry"],"_links":{"self":[{"href":"https:\/\/litoraldelgolfo.com\/en\/wp-json\/wp\/v2\/pages\/293","targetHints":{"allow":["GET"]}}],"collection":[{"href":"https:\/\/litoraldelgolfo.com\/en\/wp-json\/wp\/v2\/pages"}],"about":[{"href":"https:\/\/litoraldelgolfo.com\/en\/wp-json\/wp\/v2\/types\/page"}],"author":[{"embeddable":true,"href":"https:\/\/litoraldelgolfo.com\/en\/wp-json\/wp\/v2\/users\/1"}],"replies":[{"embeddable":true,"href":"https:\/\/litoraldelgolfo.com\/en\/wp-json\/wp\/v2\/comments?post=293"}],"version-history":[{"count":89,"href":"https:\/\/litoraldelgolfo.com\/en\/wp-json\/wp\/v2\/pages\/293\/revisions"}],"predecessor-version":[{"id":1965,"href":"https:\/\/litoraldelgolfo.com\/en\/wp-json\/wp\/v2\/pages\/293\/revisions\/1965"}],"wp:attachment":[{"href":"https:\/\/litoraldelgolfo.com\/en\/wp-json\/wp\/v2\/media?parent=293"}],"curies":[{"name":"wp","href":"https:\/\/api.w.org\/{rel}","templated":true}]}}